{"id":312,"date":"2018-03-28T11:56:18","date_gmt":"2018-03-28T16:56:18","guid":{"rendered":"https:\/\/idl.cap.ca\/?page_id=312"},"modified":"2022-04-23T19:32:19","modified_gmt":"2022-04-24T00:32:19","slug":"steering-committee","status":"publish","type":"page","link":"https:\/\/idl.cap.ca\/index.php\/steering-committee\/","title":{"rendered":"Steering Committee"},"content":{"rendered":"<p>Chair, Dr. Chitra Rangan, University of Windsor<\/p>\n<p>Ms. Francine Ford, Canadian Association of Physicists<\/p>\n<p>Dr. Tsuneyuki Ozaki, International Union on Pure and Applied Physics<\/p>\n<p>Dr. John Donohue, Institute for Quantum Computing\/University of Waterloo<\/p>\n<p>Dr. Christopher Pugh, International Association of Physics Students, Brandon University<\/p>\n<p>Mr. Jos\u00e9-Manuel Gil, NSERC\/Science Odyssey<\/p>\n<p>Ms. Kathleen Miller, NSERC\/Science Rendezvous<\/p>\n<p>Dr. Dwayne Miller, Science Rendezvous\/University of Toronto<\/p>\n<p>Dr. Robert Corriveau, Canadian Photonic Industry Consortium<\/p>\n<p>Ms. Stephanie Deschenes, Canadian Association of Science Centres<\/p>\n<p>Ms. Lana Haight, Canadian Light Source<\/p>\n<p>Dr. Fran\u00e7ois L\u00e9gar\u00e9, INRS-ALLS<\/p>\n<p>Ms. Jennifer Vuong, National Research Council<\/p>\n<p>Dr. Phil Langill, Canadian Astronomical Society\/University of Calgary<\/p>\n","protected":false},"excerpt":{"rendered":"<p>Chair, Dr. Chitra Rangan, University of Windsor Ms. Francine Ford, Canadian Association of Physicists Dr. Tsuneyuki Ozaki, International Union on Pure and Applied Physics Dr. John Donohue, Institute for Quantum Computing\/University of Waterloo Dr. Christopher Pugh, International Association of Physics Students, Brandon University Mr. Jos\u00e9-Manuel Gil, NSERC\/Science Odyssey Ms. Kathleen Miller, NSERC\/Science Rendezvous Dr. Dwayne&#8230;  <a class=\"excerpt-read-more\" href=\"https:\/\/idl.cap.ca\/index.php\/steering-committee\/\" title=\"Read Steering Committee\">Read more &raquo;<\/a><\/p>\n","protected":false},"author":4,"featured_media":0,"parent":0,"menu_order":0,"comment_status":"closed","ping_status":"closed","template":"","meta":{"footnotes":""},"class_list":["post-312","page","type-page","status-publish","hentry"],"_links":{"self":[{"href":"https:\/\/idl.cap.ca\/index.php\/wp-json\/wp\/v2\/pages\/312","targetHints":{"allow":["GET"]}}],"collection":[{"href":"https:\/\/idl.cap.ca\/index.php\/wp-json\/wp\/v2\/pages"}],"about":[{"href":"https:\/\/idl.cap.ca\/index.php\/wp-json\/wp\/v2\/types\/page"}],"author":[{"embeddable":true,"href":"https:\/\/idl.cap.ca\/index.php\/wp-json\/wp\/v2\/users\/4"}],"replies":[{"embeddable":true,"href":"https:\/\/idl.cap.ca\/index.php\/wp-json\/wp\/v2\/comments?post=312"}],"version-history":[{"count":4,"href":"https:\/\/idl.cap.ca\/index.php\/wp-json\/wp\/v2\/pages\/312\/revisions"}],"predecessor-version":[{"id":701,"href":"https:\/\/idl.cap.ca\/index.php\/wp-json\/wp\/v2\/pages\/312\/revisions\/701"}],"wp:attachment":[{"href":"https:\/\/idl.cap.ca\/index.php\/wp-json\/wp\/v2\/media?parent=312"}],"curies":[{"name":"wp","href":"https:\/\/api.w.org\/{rel}","templated":true}]}}