{"id":307,"date":"2018-03-28T11:39:06","date_gmt":"2018-03-28T16:39:06","guid":{"rendered":"https:\/\/idl.cap.ca\/?page_id=307"},"modified":"2022-05-27T21:14:31","modified_gmt":"2022-05-28T02:14:31","slug":"organizing-team","status":"publish","type":"page","link":"https:\/\/idl.cap.ca\/index.php\/organizing-team\/","title":{"rendered":"Organizing Team"},"content":{"rendered":"<p><b>IDL Canada Steering Committee Chair:\u00a0<br \/><\/b>Chitra Rangan, Professor of Physics, University of Windsor<\/p>\n<p><b>IDL Canada Organizing Committee Chair:\u00a0<br \/><\/b>Kate Fenwick, PhD Student, University of Ottawa \/ National Research Council of Canada<\/p>\n<p><b>Website Manager:\u00a0<br \/><\/b>Tao Liu, PhD Student, McGill University<\/p>\n<p><b>French Translation Team:\u00a0<br \/><\/b>Ariane Deslieres, Master Student, Universit\u00e9 de Montr\u00e9al<br \/>Yianni Hudon-Castillo, Undergraduate Student, Polytechnique Montr\u00e9al<br \/>Chloe Chioccarello, Undergraduate Student, Polytechnique Montr\u00e9al<br \/>Andrew Karim, Undergraduate Student, Polytechnique Montr\u00e9al<\/p>\n<p><b>Social Media Team:<br \/><\/b> Ivanna Boras, Undergraduate Student, Queen&#8217;s University<br \/>Ashlyn George, Undergraduate Student, University of New Brunswick<\/p>\n<p><strong>Partnerships Team:<\/strong><br \/>Tao Liu, PhD Student, McGill University<br \/>Ariane Desli\u00e8res, Master Student, Universit\u00e9 de Montr\u00e9al<br \/>Ningyan Fang, Master Student, Western University<br \/>Gabrielle Lee, Master Student, Ryerson University<br \/>Brennan Cornell, Master Student, Trent University<br \/>Andrew Karim, Undergraduate Student, Polytechnique Montr\u00e9al<\/p>\n<p><strong>STEM Expo Booth Team:<\/strong><br \/>Ningyan Fang, Master Student, Western University<br \/>Jorge Ramos Sanchez, PhD Student, McGill University<br \/>Gabrielle Lee, Master Student, Ryerson University<br \/>Coral Hillel, Undergraduate Student, York University<br \/>Yianni Hudon-Castillo, Undergraduate Student, Polytechnique Montr\u00e9al<br \/>Khush Bhavsar, Undergraduate Student, University of Waterloo<br \/>Brennan Cornell, Master Student, Trent University<\/p>\n<p><strong>Content Generation Team:<\/strong><br \/>Jorge Ramos Sanchez, PhD Student, McGill University<br \/>Coral Hillel, Undergraduate Student, York University<br \/>Khush Bhavsar, Undergraduate Student, University of Waterloo<br \/>Chloe Chioccarello, Undergraduate Student, Polytechnique Montr\u00e9al<\/p>\n\n\n<h3 class=\"wp-block-heading\"><strong>Previous Organizing Teams<\/strong><\/h3>\n\n\n\n<p><strong>2021<br><\/strong>Dr. Chitra Rangan, Professor of Physics, University of Windsor<br>Kate Fenwick, PhD Student, University of Ottawa \/ National Research Council of Canada<br>Thomas Bailey, PhD Student, University of Ottawa<br>Chlo\u00e9 Chioccarello, Undergraduate Student, Polytechnique Montr\u00e9al<br>Ariane Deslieres, MSc Student, Universit\u00e9 de Montr\u00e9al<br>Andrew Karim, Undergraduate Student, Polytechnique Montr\u00e9al<br>Neha Nasir, Undergraduate Student, Ryerson University<br>Jakub Stacho, MSc Student, Simon Fraser University<br>Prasoon Kumar Shandilya, PhD Student, University of Calgary<br>Kaylin Roopchand, MSc Student, University of Ottawa<br>Sahara Karima Mosin Rahimani, Undergraduate Student, Laurentian University<br>Fateen Basharat, PhD Candidate, Ryerson University<br>Nimra Fayyaz, Undergraduate Student, University of Calgary<br>Hamza Hanif, PhD Student, Simon Fraser University<br>Tamlyn Mafika, Undergraduate Student, Mount Allison University<br>Heide Ibrahim, Senior Research Associate and Project Manager, Institut National de la Recherche Scientifique<br>Junjie Yin, PhD Student, University of Waterloo<br>Junan Lin, PhD Student, University of Waterloo<br>Yuliya Shpunarska, Undergraduate Student, McGill University<br>Khush Bhavsar, Undergraduate Student, University of Waterloo<br>Skye Heiland, Undergraduate Student, University of Manitoba<br>Rhea Gaur, MSc Student, University of British Columbia \/ TRIUMF<br>Danielle Tidy, Undergraduate Student, University of Waterloo<br>Mathew Wildeman, Undergraduate Student, University of Calgary<br>Travis Hosack, Undergraduate Student, University of British Columbia<br>Taylor Pacholko, Undergraduate Student, University of Waterloo<\/p>\n\n\n\n<p><strong>2020<br><\/strong>Dr. Chitra Rangan, University of Windsor<\/p>\n\n\n\n<p><strong>2019<br><\/strong>Dr. Chitra Rangan, University of Windsor<\/p>\n\n\n\n<p><strong>2018<br><\/strong>Dr. Chitra Rangan, University of Windsor<br>Mr. Shukan Bhargav Shelat, University of Windsor<br>Ms. Madison Plante, University of Windsor<br>Ms. Pravina Bhatt, University of Windsor<br>Mr. Laveen Vasnani, University of Windsor<br>Ms. Melissa Raftis, Canadian Association of Physicists<br>Ms. Florida Doci, University of Ottawa<\/p>\n","protected":false},"excerpt":{"rendered":"<p>IDL Canada Steering Committee Chair:\u00a0Chitra Rangan, Professor of Physics, University of Windsor IDL Canada Organizing Committee Chair:\u00a0Kate Fenwick, PhD Student, University of Ottawa \/ National Research Council of Canada Website Manager:\u00a0Tao Liu, PhD Student, McGill University French Translation Team:\u00a0Ariane Deslieres, Master Student, Universit\u00e9 de Montr\u00e9alYianni Hudon-Castillo, Undergraduate Student, Polytechnique Montr\u00e9alChloe Chioccarello, Undergraduate Student, Polytechnique Montr\u00e9alAndrew&#8230;  <a class=\"excerpt-read-more\" href=\"https:\/\/idl.cap.ca\/index.php\/organizing-team\/\" title=\"Read Organizing Team\">Read more &raquo;<\/a><\/p>\n","protected":false},"author":4,"featured_media":0,"parent":0,"menu_order":0,"comment_status":"closed","ping_status":"closed","template":"","meta":{"footnotes":""},"class_list":["post-307","page","type-page","status-publish","hentry"],"_links":{"self":[{"href":"https:\/\/idl.cap.ca\/index.php\/wp-json\/wp\/v2\/pages\/307","targetHints":{"allow":["GET"]}}],"collection":[{"href":"https:\/\/idl.cap.ca\/index.php\/wp-json\/wp\/v2\/pages"}],"about":[{"href":"https:\/\/idl.cap.ca\/index.php\/wp-json\/wp\/v2\/types\/page"}],"author":[{"embeddable":true,"href":"https:\/\/idl.cap.ca\/index.php\/wp-json\/wp\/v2\/users\/4"}],"replies":[{"embeddable":true,"href":"https:\/\/idl.cap.ca\/index.php\/wp-json\/wp\/v2\/comments?post=307"}],"version-history":[{"count":15,"href":"https:\/\/idl.cap.ca\/index.php\/wp-json\/wp\/v2\/pages\/307\/revisions"}],"predecessor-version":[{"id":718,"href":"https:\/\/idl.cap.ca\/index.php\/wp-json\/wp\/v2\/pages\/307\/revisions\/718"}],"wp:attachment":[{"href":"https:\/\/idl.cap.ca\/index.php\/wp-json\/wp\/v2\/media?parent=307"}],"curies":[{"name":"wp","href":"https:\/\/api.w.org\/{rel}","templated":true}]}}