{"id":282,"date":"2018-03-26T17:25:37","date_gmt":"2018-03-26T22:25:37","guid":{"rendered":"https:\/\/idl.cap.ca\/?page_id=282"},"modified":"2019-05-10T14:13:44","modified_gmt":"2019-05-10T19:13:44","slug":"partners","status":"publish","type":"page","link":"https:\/\/idl.cap.ca\/index.php\/partners\/","title":{"rendered":"IDL Canada Partners"},"content":{"rendered":"<p><a href=\"http:\/\/www.sciencerendezvous.ca\/\">Science Rendezvous<\/a><\/p>\n<p><a href=\"http:\/\/www.sciod.ca\/\">Science Odyssey<\/a><\/p>\n<p><a href=\"http:\/\/www.uwindsor.ca\">University of Windsor<\/a><\/p>\n<p><a href=\"https:\/\/www.brandonu.ca\/\">Brandon University<\/a><\/p>\n<p><a href=\"https:\/\/carleton.ca\/\">Carleton University<\/a><\/p>\n<p><a href=\"http:\/\/www.lightsource.ca\/\">Canadian Light Source<\/a><\/p>\n<p><a href=\"http:\/\/www.cmc.ca\">CMC Microsystems<\/a><\/p>\n<p><a href=\"https:\/\/www.cegeplapocatiere.qc.ca\/programmes\/techniques\/technologie-du-genie-physique\/\">D\u00e9partement de physique et technologie physique du C\u00e9gep de La Pocati\u00e8re<\/a><\/p>\n<p>&nbsp;<\/p>\n","protected":false},"excerpt":{"rendered":"<p>Science Rendezvous Science Odyssey University of Windsor Brandon University Carleton University Canadian Light Source CMC Microsystems D\u00e9partement de physique et technologie physique du C\u00e9gep de La Pocati\u00e8re &nbsp;<\/p>\n","protected":false},"author":4,"featured_media":0,"parent":0,"menu_order":0,"comment_status":"closed","ping_status":"closed","template":"","meta":{"footnotes":""},"class_list":["post-282","page","type-page","status-publish","hentry"],"_links":{"self":[{"href":"https:\/\/idl.cap.ca\/index.php\/wp-json\/wp\/v2\/pages\/282","targetHints":{"allow":["GET"]}}],"collection":[{"href":"https:\/\/idl.cap.ca\/index.php\/wp-json\/wp\/v2\/pages"}],"about":[{"href":"https:\/\/idl.cap.ca\/index.php\/wp-json\/wp\/v2\/types\/page"}],"author":[{"embeddable":true,"href":"https:\/\/idl.cap.ca\/index.php\/wp-json\/wp\/v2\/users\/4"}],"replies":[{"embeddable":true,"href":"https:\/\/idl.cap.ca\/index.php\/wp-json\/wp\/v2\/comments?post=282"}],"version-history":[{"count":10,"href":"https:\/\/idl.cap.ca\/index.php\/wp-json\/wp\/v2\/pages\/282\/revisions"}],"predecessor-version":[{"id":575,"href":"https:\/\/idl.cap.ca\/index.php\/wp-json\/wp\/v2\/pages\/282\/revisions\/575"}],"wp:attachment":[{"href":"https:\/\/idl.cap.ca\/index.php\/wp-json\/wp\/v2\/media?parent=282"}],"curies":[{"name":"wp","href":"https:\/\/api.w.org\/{rel}","templated":true}]}}